{"id":10,"date":"2017-11-09T09:37:00","date_gmt":"2017-11-09T08:37:00","guid":{"rendered":"https:\/\/b2b.tonerprinter.com\/de\/grosshandel\/"},"modified":"2017-11-09T09:37:00","modified_gmt":"2017-11-09T08:37:00","slug":"grosshandel","status":"publish","type":"page","link":"https:\/\/b2b.tonerprinter.com\/de\/grosshandel\/","title":{"rendered":"Gro\u00dfhandel"},"content":{"rendered":"<p>F\u00fcr unsere Gesch\u00e4ftspartner stehen zwei Programme zur Verf\u00fcgung: Programm f\u00fcr Gro\u00dfh\u00e4ndler und H\u00e4ndlerprogramm.<\/p>\n<div class=\"row principles\">\n<div class=\"col-sm-6\">\n<h3>H\u00e4ndlerprogramm<\/h3>\n<ul>\n<li>gerichtet auf: H\u00e4ndler, E-Shops, L\u00e4den, Handelsvertreter<\/li>\n<li>Verkauf an Endkunden<\/li>\n<\/ul>\n<\/div>\n<div class=\"col-sm-6\">\n<h3>Programm  f\u00fcr Gro\u00dfh\u00e4ndler<\/h3>\n<ul>\n<li>geeignet f\u00fcr B2B-Gesch\u00e4ftspartner bei Abholung von gr\u00f6\u00dferen Mengen (Palette- Container)<\/li>\n<li>Verkauf an weitere Distributionsnetze<\/li>\n<\/ul>\n<\/div>\n<\/div>\n<p>&nbsp;<\/p>\n<h2>Unsere Programme garantieren<\/h2>\n<ul>\n<li>Warenlieferung von mittleren (Packung, K\u00e4sten) bis zum gro\u00dfen Mengen (Palette, Container)<\/li>\n<li>individuelle Preise und Rabatte<\/li>\n<li>Versand: DAP, EXW, CIP oder anhand von Ihren Kriterien<\/li>\n<li>Zahlung abh\u00e4ngig von den Kreditkonditionen der Versicherungsgesellschaft mit der M\u00f6glichkeit einer aufgeschobenen F\u00e4lligkeit<\/li>\n<\/ul>\n        <form id=\"mc_form\" action=\"https:\/\/b2b.tonerprinter.com\/de\/wp-admin\/admin-ajax.php\" method=\"POST\">\r\n            <fieldset>\r\n                <div class=\"programme_choice\">\r\n                    <span>Ich m\u00f6chte meine Firma f\u00fcr Programm f\u00fcr Gro\u00dfh\u00e4ndler registrieren<\/span>\r\n                    <input type=\"checkbox\" name=\"registration_registeredForWholesale\"><br>\r\n                <\/div>\r\n                <div class=\"programme_choice\">\r\n                    <span>Ich m\u00f6chte meine Firma f\u00fcr H\u00e4ndlerprogramm registrieren<\/span>\r\n                    <input type=\"checkbox\" name=\"registration_registeredForDealer\">\r\n                <\/div>\r\n            <\/fieldset>\r\n            <fieldset>\r\n                <legend>Pers\u00f6nliche Angaben<\/legend>\r\n                <ul>\r\n                    <li>\r\n                        <div class=\"field_full\">\r\n                            <label for=\"registration_firstName\">Ihr Name <span class=\"field_required\">*<\/span><\/label>\r\n                            <div style=\"display: flex;\">\r\n                                <div class=\"input_wrap\">\r\n                                    <input type=\"text\" name=\"registration_firstName\" placeholder=\"Vorname\" required>\r\n                                <\/div>\r\n                                <div class=\"input_wrap\">\r\n                                    <input type=\"text\" name=\"registration_lastName\" placeholder=\"Nachname\" required>\r\n                                <\/div>\r\n\r\n                            <\/div>\r\n                        <\/div>\r\n                    <\/li>\r\n                    <li>\r\n                        <div class=\"field_half\">\r\n                            <label for=\"registration_email\">E-Mail <span class=\"field_required\">*<\/span><\/label>\r\n                            <div class=\"input_wrap\">\r\n                                <input type=\"text\" name=\"registration_email\" required>\r\n                            <\/div>\r\n                        <\/div>\r\n                        <div class=\"field_half\">\r\n                            <label for=\"registration_phone\">Telefon <span class=\"field_required\">*<\/span><\/label>\r\n                            <div class=\"input_wrap\">\r\n                                <input type=\"text\" name=\"registration_phone\" required>\r\n                            <\/div>\r\n                        <\/div>\r\n                    <\/li>\r\n                <\/ul>\r\n            <\/fieldset>\r\n            <fieldset>\r\n                <legend>Firmendaten<\/legend>\r\n                <ul>\r\n                    <li>\r\n                        <div class=\"field_full\">\r\n                            <label for=\"registration_address_companyName\">Firmenname <span class=\"field_required\">*<\/span><\/label>\r\n                            <div class=\"input_wrap\">\r\n                                <input type=\"text\" name=\"registration_address_companyName\" required>\r\n                            <\/div>\r\n                        <\/div>\r\n\t\t\t\t\t<\/li>\r\n\t\t\t\t\t<li>\r\n                        <div class=\"field_half\">\r\n                            <label for=\"registration_vatRegistration\">Mehrwertsteuerpflichtig?<\/label>\r\n                            <div class=\"input_wrap\">\r\n                                <input type=\"checkbox\" name=\"registration_vatRegistration\" id=\"registration_vatRegistration\">\r\n                            <\/div>\r\n\t\t\t\t\t\t<\/div>\r\n\t\t\t\t\t\t<div class=\"field_half\">\r\n                            <label for=\"registration_vatNumber\">MwSt. Nummer<\/label>\r\n                            <div class=\"input_wrap\">\r\n                                <input type=\"text\" name=\"registration_vatNumber\" id=\"registration_vatNumber\" disabled>\r\n                            <\/div>\r\n                        <\/div>\r\n                    <\/li>\r\n                    <li>\r\n                        <div class=\"field_full\">\r\n                            <label for=\"registration_address_address1\">Strasse und Hausnummer <span class=\"field_required\">*<\/span><\/label>\r\n                            <div class=\"input_wrap\">\r\n                                <input type=\"text\" name=\"registration_address_addressLine1\" required>\r\n                            <\/div>\r\n                        <\/div>\r\n                    <\/li>\r\n                    <li>\r\n                        <div class=\"field_full\">\r\n                            <label for=\"registration_address_address2\">Zus\u00e4tzliche Adressdaten<\/label>\r\n                            <div class=\"input_wrap\">\r\n                                <input type=\"text\" name=\"registration_address_addressLine2\">\r\n                            <\/div>\r\n                        <\/div>\r\n                    <\/li>\r\n                    <li>\r\n                        <div class=\"field_half\">\r\n                            <label for=\"registration_address_city\">Ort <span class=\"field_required\">*<\/span><\/label>\r\n                            <div class=\"input_wrap\">\r\n                                <input type=\"text\" name=\"registration_address_city\" id=\"registration_address_city\" required>\r\n                            <\/div>\r\n                        <\/div>\r\n                        <div class=\"field_half\">\r\n                        <label for=\"registration_address_country\">Land <span class=\"field_required\">*<\/span><\/label>\r\n                            <div class=\"input_wrap\">\r\n                                <input type=\"text\" name=\"registration_address_country\" id=\"registration_address_country\" required>\r\n                            <\/div>\r\n                        <\/div>\r\n                    <\/li>\r\n                    <li>\r\n                        <div class=\"field_half\">\r\n                        <label for=\"registration_address_zip\">PLZ <span class=\"field_required\">*<\/span><\/label>\r\n                            <div class=\"input_wrap\">\r\n                                <input type=\"text\" name=\"registration_address_zip\" required>\r\n                            <\/div>\r\n                        <\/div>\r\n                    <\/li>\r\n                <\/ul>\r\n            <\/fieldset>\r\n            <fieldset>\r\n                <legend>Lieferadresse (falls abweichend von der Firmenadresse)<\/legend>\r\n                <ul>\r\n                    <li>\r\n                        <div class=\"field_full\">\r\n                        <label for=\"registration_deliveryAddress_companyName\">Firmenname<\/label>\r\n                            <div class=\"input_wrap\">\r\n                                <input type=\"text\" name=\"registration_deliveryAddress_companyName\">\r\n                            <\/div>\r\n                        <\/div>\r\n                    <\/li>\r\n                    <li>\r\n                        <div class=\"field_full\">\r\n                        <label for=\"registration_deliveryAddress_address1\">Strasse und Hausnummer <\/label>\r\n                            <div class=\"input_wrap\">\r\n                                <input type=\"text\" name=\"registration_deliveryAddress_addressLine1\">\r\n                            <\/div>\r\n                        <\/div>\r\n                    <\/li>\r\n                    <li>\r\n                        <div class=\"field_full\">\r\n                        <label for=\"registration_deliveryAddress_address2\">Zus\u00e4tzliche Adressdaten <\/label>\r\n                            <div class=\"input_wrap\">\r\n                                <input type=\"text\" name=\"registration_deliveryAddress_addressLine2\">\r\n                            <\/div>\r\n                        <\/div>\r\n                    <\/li>\r\n                    <li>\r\n                        <div class=\"field_half\">\r\n                        <label for=\"registration_deliveryAddress_city\">Ort<\/label>\r\n                            <div class=\"input_wrap\">\r\n                                <input type=\"text\" name=\"registration_deliveryAddress_city\" id=\"registration_deliveryAddress_city\">\r\n                            <\/div>\r\n                        <\/div>\r\n                        <div class=\"field_half\">\r\n                        <label for=\"registration_deliveryAddress_country\">Land<\/label>\r\n                            <div class=\"input_wrap\">\r\n                                <input type=\"text\" name=\"registration_deliveryAddress_country\" id=\"registration_deliveryAddress_country\">\r\n                            <\/div>\r\n                        <\/div>\r\n                    <\/li>\r\n                    <li>\r\n                        <div class=\"field_half\">\r\n                        <label for=\"registration_deliveryAddress_zip\">PLZ<\/label>\r\n                            <div class=\"input_wrap\">\r\n                                <input type=\"text\" name=\"registration_deliveryAddress_zip\">\r\n                            <\/div>\r\n                        <\/div>\r\n                    <\/li>\r\n                    <li>\r\n                        <div class=\"field_full\">\r\n                        <input type=\"checkbox\" name=\"registration_deliveryAddress_legalOffice\"> Diese Firma geh\u00f6rt rechtlich der oben genannten Gesellschaft.                        <\/div>\r\n                    <\/li>\r\n                <\/ul>\r\n            <\/fieldset>\r\n            <fieldset>\r\n                <legend>Markieren Sie die Marken Ihrer Interesse<\/legend>\r\n                <div class=\"brands_container\">\r\n                <div class=\"brand\"><input type=\"checkbox\" name=\"registration_brands[]\" value=\"1\"><span>BROTHER<\/span><\/div><div class=\"brand\"><input type=\"checkbox\" name=\"registration_brands[]\" value=\"2\"><span>CANON<\/span><\/div><div class=\"brand\"><input type=\"checkbox\" name=\"registration_brands[]\" value=\"3\"><span>DELL<\/span><\/div><div class=\"brand\"><input type=\"checkbox\" name=\"registration_brands[]\" value=\"4\"><span>EPSON<\/span><\/div><div class=\"brand\"><input type=\"checkbox\" name=\"registration_brands[]\" value=\"5\"><span>HP<\/span><\/div><div class=\"brand\"><input type=\"checkbox\" name=\"registration_brands[]\" value=\"6\"><span>KONICA MINOLTA<\/span><\/div><div class=\"brand\"><input type=\"checkbox\" name=\"registration_brands[]\" value=\"7\"><span>KYOCERA<\/span><\/div><div class=\"brand\"><input type=\"checkbox\" name=\"registration_brands[]\" value=\"8\"><span>LEXMARK<\/span><\/div><div class=\"brand\"><input type=\"checkbox\" name=\"registration_brands[]\" value=\"9\"><span>NRG<\/span><\/div><div class=\"brand\"><input type=\"checkbox\" name=\"registration_brands[]\" value=\"10\"><span>OKI<\/span><\/div><div class=\"brand\"><input type=\"checkbox\" name=\"registration_brands[]\" value=\"11\"><span>RICOH<\/span><\/div><div class=\"brand\"><input type=\"checkbox\" name=\"registration_brands[]\" value=\"12\"><span>SAMSUNG<\/span><\/div><div class=\"brand\"><input type=\"checkbox\" name=\"registration_brands[]\" value=\"13\"><span>SHARP<\/span><\/div><div class=\"brand\"><input type=\"checkbox\" name=\"registration_brands[]\" value=\"14\"><span>TOSHIBA<\/span><\/div><div class=\"brand\"><input type=\"checkbox\" name=\"registration_brands[]\" value=\"15\"><span>XEROX<\/span><\/div><div class=\"brand\"><input type=\"checkbox\" name=\"registration_brands[]\" value=\"38\"><span>HP-C<\/span><\/div>                    <div class=\"brand\">\r\n                        <input type=\"checkbox\" name=\"registration_brands_other_cb\" id=\"registration_brands_other_cb\"><span style=\"flex-grow:0; margin-right:0.5em\">andere<\/span>\r\n                        <div class=\"input_wrap\">\r\n                            <input type=\"text\" name=\"registration_brands_other\" id=\"registration_brands_other\" disabled style=\"width:50%;height: 2.5em;\">\r\n                        <\/div>\r\n                    <\/div>\r\n                <\/div>\r\n            <\/fieldset>\r\n            <fieldset>\r\n                <legend>Markieren Sie die Produkttypen Ihrer Interesse<\/legend>\r\n                <div class=\"brands_container\">\r\n                    <div class=\"brand\"><input type=\"checkbox\" name=\"registration_types[]\" value=\"29\"><span>Drucker<\/span><\/div><div class=\"brand\"><input type=\"checkbox\" name=\"registration_types[]\" value=\"30\"><span>Toner<\/span><\/div><div class=\"brand\"><input type=\"checkbox\" name=\"registration_types[]\" value=\"31\"><span>Kartuschen\/ Tinten<\/span><\/div><div class=\"brand\"><input type=\"checkbox\" name=\"registration_types[]\" value=\"32\"><span>Trommel\/OPC\/ Fotoleiter<\/span><\/div><div class=\"brand\"><input type=\"checkbox\" name=\"registration_types[]\" value=\"33\"><span>Wartungskit<\/span><\/div><div class=\"brand\"><input type=\"checkbox\" name=\"registration_types[]\" value=\"34\"><span>Abfallbeh\u00e4lter<\/span><\/div><div class=\"brand\"><input type=\"checkbox\" name=\"registration_types[]\" value=\"35\"><span>Fixiereinheiten<\/span><\/div><div class=\"brand\"><input type=\"checkbox\" name=\"registration_types[]\" value=\"36\"><span>Reinigungseinheiten<\/span><\/div><div class=\"brand\"><input type=\"checkbox\" name=\"registration_types[]\" value=\"37\"><span>andere Ersatzteile<\/span><\/div>                <\/div>\r\n            <\/fieldset>\r\n            <fieldset class=\"higher\">\r\n                <legend>Zusatzinformationen zu Ihrem Unternehmen (optional)<\/legend>\r\n                <ul>\r\n                    <li>\r\n                        <div class=\"field_full\">\r\n                            <textarea name=\"registration_companyInfo\" maxlength=\"500\"><\/textarea>\r\n                        <\/div>\r\n                    <\/li>\r\n                <\/ul>\r\n            <\/fieldset>\r\n            <div id=\"mc_errors\"><\/div>\r\n            <div id=\"mc_success_msg\"><\/div>\r\n            <div id=\"recaptcha_wrapper\"><\/div>\r\n            <input id=\"mc_submit\" type=\"submit\" value=\"Senden\">\r\n            <span class=\"field_required\">* Pflichtfeld<\/span>\r\n            <input type=\"hidden\" name=\"mailchimp_signup\">\r\n        <\/form>\r\n        <script src=\"https:\/\/www.google.com\/recaptcha\/api.js?onload=onloadCallbackCaptcha&render=explicit&hl=de\" async defer><\/script>\r\n        <div class=\"modal fade\" id=\"success_dialog\" role=\"dialog\" aria-hidden=\"true\">\r\n            <div class=\"modal-dialog\" role=\"document\">\r\n                <div class=\"modal-content\">\r\n                    <div class=\"modal-body\">\r\n                        <p>Wir bedanken uns f\u00fcr Ihre Interesse, unsere Einkaufsabteilung wird Sie kurzfristig kontaktieren.<\/p>\r\n                    <\/div>\r\n                    <div class=\"modal-footer\">\r\n                        <button type=\"button\" class=\"btn btn-primary\" data-dismiss=\"modal\">OK<\/button>\r\n                    <\/div>\r\n                <\/div>\r\n            <\/div>\r\n        <\/div>\r\n\r\n        \n","protected":false},"excerpt":{"rendered":"<p>F\u00fcr unsere Gesch\u00e4ftspartner stehen zwei Programme zur Verf\u00fcgung: Programm f\u00fcr Gro\u00dfh\u00e4ndler und H\u00e4ndlerprogramm. H\u00e4ndlerprogramm gerichtet auf: H\u00e4ndler, E-Shops, L\u00e4den, Handelsvertreter Verkauf an Endkunden Programm f\u00fcr Gro\u00dfh\u00e4ndler geeignet f\u00fcr B2B-Gesch\u00e4ftspartner bei Abholung von gr\u00f6\u00dferen Mengen (Palette- Container) Verkauf an weitere Distributionsnetze &nbsp; Unsere Programme garantieren Warenlieferung von mittleren (Packung, K\u00e4sten) bis zum gro\u00dfen Mengen (Palette, Container) [&hellip;]<\/p>\n","protected":false},"author":8,"featured_media":0,"parent":0,"menu_order":0,"comment_status":"closed","ping_status":"closed","template":"","meta":{"footnotes":""},"_links":{"self":[{"href":"https:\/\/b2b.tonerprinter.com\/de\/wp-json\/wp\/v2\/pages\/10"}],"collection":[{"href":"https:\/\/b2b.tonerprinter.com\/de\/wp-json\/wp\/v2\/pages"}],"about":[{"href":"https:\/\/b2b.tonerprinter.com\/de\/wp-json\/wp\/v2\/types\/page"}],"author":[{"embeddable":true,"href":"https:\/\/b2b.tonerprinter.com\/de\/wp-json\/wp\/v2\/users\/8"}],"replies":[{"embeddable":true,"href":"https:\/\/b2b.tonerprinter.com\/de\/wp-json\/wp\/v2\/comments?post=10"}],"version-history":[{"count":0,"href":"https:\/\/b2b.tonerprinter.com\/de\/wp-json\/wp\/v2\/pages\/10\/revisions"}],"wp:attachment":[{"href":"https:\/\/b2b.tonerprinter.com\/de\/wp-json\/wp\/v2\/media?parent=10"}],"curies":[{"name":"wp","href":"https:\/\/api.w.org\/{rel}","templated":true}]}}