{"id":12,"date":"2017-11-09T10:35:35","date_gmt":"2017-11-09T09:35:35","guid":{"rendered":"https:\/\/b2b.tonerprinter.com\/de\/konsultation\/"},"modified":"2022-07-28T14:11:40","modified_gmt":"2022-07-28T12:11:40","slug":"konsultation","status":"publish","type":"page","link":"https:\/\/b2b.tonerprinter.com\/de\/konsultation\/","title":{"rendered":"Konsultation"},"content":{"rendered":"<p>Unterst\u00fctzung f\u00fcr die Slowakei:<\/p>\n<p><strong>Service<\/strong> &#8211; in autorisierten Zentren der einzelnen Marken<\/p>\n<ul>\n<li>Servicegarantie<\/li>\n<li>Service nach dem Ablauf der Garantiefrist<\/li>\n<\/ul>\n<p><strong>Kundenservice<\/strong> und seine Dienstleistungen:<\/p>\n<ul>\n<li>Fachberatung<\/li>\n<li>Optimierung von Druckl\u00f6sungen<\/li>\n<li>Vermietung von Drucker<\/li>\n<\/ul>\n<p><strong>Zusammenarbeit<\/strong><\/p>\n<p>Wenn Sie nicht in der Lage sind, einen Gesch\u00e4ftskontakt auszunutzen, lassen Sie es uns wissen.<\/p>\n<p><strong>Handelsvetretung<\/strong><\/p>\n<p>Wir helfen Ihnen, Gesch\u00e4ftsbeziehungen in L\u00e4ndern aufzubauen, von denen Sie ein Produkt oder eine Dienstleistung ben\u00f6tigen. Wir werden Sie vertreten und gemeinsam den Weg finden.<\/p>\n","protected":false},"excerpt":{"rendered":"<p>Unterst\u00fctzung f\u00fcr die Slowakei: Service &#8211; in autorisierten Zentren der einzelnen Marken Servicegarantie Service nach dem Ablauf der Garantiefrist Kundenservice und seine Dienstleistungen: Fachberatung Optimierung von Druckl\u00f6sungen Vermietung von Drucker Zusammenarbeit Wenn Sie nicht in der Lage sind, einen Gesch\u00e4ftskontakt auszunutzen, lassen Sie es uns wissen. Handelsvetretung Wir helfen Ihnen, Gesch\u00e4ftsbeziehungen in L\u00e4ndern aufzubauen, von [&hellip;]<\/p>\n","protected":false},"author":8,"featured_media":0,"parent":0,"menu_order":0,"comment_status":"closed","ping_status":"closed","template":"","meta":{"footnotes":""},"_links":{"self":[{"href":"https:\/\/b2b.tonerprinter.com\/de\/wp-json\/wp\/v2\/pages\/12"}],"collection":[{"href":"https:\/\/b2b.tonerprinter.com\/de\/wp-json\/wp\/v2\/pages"}],"about":[{"href":"https:\/\/b2b.tonerprinter.com\/de\/wp-json\/wp\/v2\/types\/page"}],"author":[{"embeddable":true,"href":"https:\/\/b2b.tonerprinter.com\/de\/wp-json\/wp\/v2\/users\/8"}],"replies":[{"embeddable":true,"href":"https:\/\/b2b.tonerprinter.com\/de\/wp-json\/wp\/v2\/comments?post=12"}],"version-history":[{"count":1,"href":"https:\/\/b2b.tonerprinter.com\/de\/wp-json\/wp\/v2\/pages\/12\/revisions"}],"predecessor-version":[{"id":13,"href":"https:\/\/b2b.tonerprinter.com\/de\/wp-json\/wp\/v2\/pages\/12\/revisions\/13"}],"wp:attachment":[{"href":"https:\/\/b2b.tonerprinter.com\/de\/wp-json\/wp\/v2\/media?parent=12"}],"curies":[{"name":"wp","href":"https:\/\/api.w.org\/{rel}","templated":true}]}}