{"id":18,"date":"2017-11-08T16:41:07","date_gmt":"2017-11-08T15:41:07","guid":{"rendered":"https:\/\/b2b.tonerprinter.com\/de\/ueber-uns\/"},"modified":"2025-03-05T16:06:37","modified_gmt":"2025-03-05T15:06:37","slug":"ueber-uns","status":"publish","type":"page","link":"https:\/\/b2b.tonerprinter.com\/de\/ueber-uns\/","title":{"rendered":"\u00dcber uns"},"content":{"rendered":"<p>Die Marke TonerPrinter ist von der Firma R-DAS, s. r. o. bedient, die ein Mitglied der R-DAS Gruppe ist. Die Idee der Entstehung lautet, den Unternehmen und Verbrauchern qualitativ hochwertige L\u00f6sungen in Form von Originalprodukten von globalen Herstellern zur Verf\u00fcgung zu stellen. TonerPrinter bietet dank seiner 20-j\u00e4hrigen Erfahrungen im internationalen Handel hochwertige Dienstleistungen und ist in Europa, Russland, Asien, S\u00fcdafrika, den USA und im Nahen Osten (MEA) t\u00e4tig.<\/p>\n<h1>TonerPrinter<\/h1>\n<ul>\n<li>konzentriert sich auf den Bereich der Drucker und Originalverbrauchsmaterialien<\/li>\n<li>ist Lieferant aller Marken der weltweit f\u00fchrenden Hersteller in der Druckindustrie<\/li>\n<li>beh\u00e4lt die Unabh\u00e4ngigkeit von den Vertriebsvertr\u00e4gen der Hersteller<\/li>\n<li>bietet seinen Kunden eine breite Palette von Druckern und ein reichhaltiges Portfolio von Tonern, Tinten, Trommeln oder anderen Druckkomponenten<\/li>\n<\/ul>\n<h1>Kundenservice<\/h1>\n<p>Die Produkte sind originell und hochqualitativ. Wir stellen den Kunden einen vollst\u00e4ndigen Service, umfassende Unterst\u00fctzung und g\u00fcnstige Preise sicher.<\/p>\n<p>Unsere Kunden sind:<\/p>\n<ul>\n<li>Gro\u00dfh\u00e4ndler<\/li>\n<li>Wiederverk\u00e4ufer<\/li>\n<li>H\u00e4ndler<\/li>\n<li>Spezielle Distributionskunden<\/li>\n<li>Internet-H\u00e4ndler<\/li>\n<li>Endkunden<\/li>\n<\/ul>\n<h1>Gutes Logistiksystem<\/h1>\n<ul>\n<li>Lieferung in kurzm\u00f6glichste Zeit<\/li>\n<li>Warentransport von einem Packet bis zum Schiffscontainer<\/li>\n<li>Versandverfolgung vom Lager bis zur Auslieferung zu den H\u00e4nden der Kunden<\/li>\n<li>prompte und genaue Informationen \u00fcber den aktuellen Standort und die Lieferzeit<\/li>\n<\/ul>\n<h1>Unsere Grunds\u00e4tze<\/h1>\n<div class=\"row principles\">\n<div class=\"col-md-2\">\n<h3>Unabh\u00e4ngigkeit<\/h3>\n<p>Mehrmarkenstrategie. TonerPrinter beh\u00e4lt seine Unabh\u00e4ngigkeit bei und h\u00e4ngt nicht vom exklusiven Vertrieb einer bestimmten Marke ab.<\/p>\n<\/div>\n<div class=\"col-md-2\">\n<h3>Eigenes Know How<\/h3>\n<p>Kontinuierliche Weiterentwicklung der Mitarbeiter zur Bereitstellung eines professionellen Gesch\u00e4fts und Fachberatung.<\/p>\n<\/div>\n<div class=\"col-md-2\">\n<h3>Offene und korrekte Kommunikation<\/h3>\n<p>Pers\u00f6nliche Kommunikation mit Stammkunden und regelm\u00e4\u00dfige Pr\u00e4sentation auf Messen. Wir kommunizieren direkt und offen mit Kunden und Netzwerken von Gesch\u00e4ftspartnern, Lieferanten und Spezialagenten. Wir sprechen folgende Sprachen: EN, DE, SK, CZ, RU.<\/p>\n<\/div>\n<div class=\"col-md-2\">\n<h3>Kontinuierliche Marktforschung<\/h3>\n<p>Immer aktuelle Preise zur Verf\u00fcgung stellen. TonerPrinter \u00fcberwacht t\u00e4glich den Markt f\u00fcr Verbrauchsmaterialien und Drucker. Unser Business-Team ist in der Lage, in k\u00fcrzester Zeit auf verschiedene Anforderungen zu reagieren und g\u00fcnstige L\u00f6sungen anzubieten.<\/p>\n<\/div>\n<div class=\"col-md-2\">\n<h3>Feedback<\/h3>\n<p>Das Feedback von Kunden erh\u00f6ht die Servicequalit\u00e4t, dank dem TonerPriner die Erfolge zeitigt und voranbringt.<\/p>\n<\/div>\n<\/div>\n","protected":false},"excerpt":{"rendered":"<p>Die Marke TonerPrinter ist von der Firma R-DAS, s. r. o. bedient, die ein Mitglied der R-DAS Gruppe ist. Die Idee der Entstehung lautet, den Unternehmen und Verbrauchern qualitativ hochwertige L\u00f6sungen in Form von Originalprodukten von globalen Herstellern zur Verf\u00fcgung zu stellen. TonerPrinter bietet dank seiner 20-j\u00e4hrigen Erfahrungen im internationalen Handel hochwertige Dienstleistungen und ist [&hellip;]<\/p>\n","protected":false},"author":8,"featured_media":0,"parent":0,"menu_order":0,"comment_status":"closed","ping_status":"closed","template":"","meta":{"footnotes":""},"_links":{"self":[{"href":"https:\/\/b2b.tonerprinter.com\/de\/wp-json\/wp\/v2\/pages\/18"}],"collection":[{"href":"https:\/\/b2b.tonerprinter.com\/de\/wp-json\/wp\/v2\/pages"}],"about":[{"href":"https:\/\/b2b.tonerprinter.com\/de\/wp-json\/wp\/v2\/types\/page"}],"author":[{"embeddable":true,"href":"https:\/\/b2b.tonerprinter.com\/de\/wp-json\/wp\/v2\/users\/8"}],"replies":[{"embeddable":true,"href":"https:\/\/b2b.tonerprinter.com\/de\/wp-json\/wp\/v2\/comments?post=18"}],"version-history":[{"count":1,"href":"https:\/\/b2b.tonerprinter.com\/de\/wp-json\/wp\/v2\/pages\/18\/revisions"}],"predecessor-version":[{"id":50,"href":"https:\/\/b2b.tonerprinter.com\/de\/wp-json\/wp\/v2\/pages\/18\/revisions\/50"}],"wp:attachment":[{"href":"https:\/\/b2b.tonerprinter.com\/de\/wp-json\/wp\/v2\/media?parent=18"}],"curies":[{"name":"wp","href":"https:\/\/api.w.org\/{rel}","templated":true}]}}