{"id":8,"date":"2017-11-08T11:17:35","date_gmt":"2017-11-08T10:17:35","guid":{"rendered":"https:\/\/b2b.tonerprinter.com\/de\/homepage-de\/"},"modified":"2022-07-28T15:50:38","modified_gmt":"2022-07-28T13:50:38","slug":"homepage-de","status":"publish","type":"page","link":"https:\/\/b2b.tonerprinter.com\/de\/","title":{"rendered":"Homepage DE"},"content":{"rendered":"<div class='white' style='background:rgb(255, 255, 255); border:solid 0px rgb(255, 255, 255); border-radius:0px; padding:8px 8px 8px 8px;'>\n<div id='sample_slider' class='owl-carousel sa_owl_theme owl-pagination-true autohide-arrows' data-slider-id='sample_slider' style='visibility:hidden;'>\n<div id='sample_slider_slide01' class='sa_hover_container' style='padding:5% 5%; margin:0px 0%; background-color:rgb(48, 189, 242); '><div class=\"hp_fact\">\r\n<div class=\"icon\"><i class=\"fa fa-cubes\" aria-hidden=\"true\"><\/i><\/div>\r\n<div class=\"fact_text\">\r\n\r\nWir stellen unseren Partnern mehr als 1000 Lagerartikel zur Verf\u00fcgung. Sie k\u00f6nnen aus 15 000 Produkten im Wert von 1 000 000 \u20ac ausw\u00e4hlen.\r\n<\/div><\/div><\/div>\n<div id='sample_slider_slide02' class='sa_hover_container' style='padding:5% 5%; margin:0px 0%; background-color:rgb(238, 24, 151); '><div class=\"hp_fact\">\r\n<div class=\"icon\"><i class=\"fa fa-certificate\" aria-hidden=\"true\"><\/i><\/div>\r\n<div class=\"fact_text\">\r\n\r\nWir belohnen unsere Stammkunden mit Vorteilen in Form von attraktiven Preisen. Werden Sie einer von ihnen.\r\n<\/div><\/div><\/div>\n<div id='sample_slider_slide03' class='sa_hover_container' style='padding:5% 5%; margin:0px 0%; background-color:rgb(255, 247, 94); '><div class=\"hp_fact yel\">\r\n<div class=\"icon\"><i class=\"fa fa-user-plus\" aria-hidden=\"true\"><\/i><\/div>\r\n<div class=\"fact_text\">\r\n\r\nBei hohen Abnahmemengen bereiten wir individuelle Preisangebote vor. Je h\u00f6her die Menge ist, desto bessere Preise bekommen Sie.\r\n<\/div><\/div><\/div>\n<div id='sample_slider_slide04' class='sa_hover_container' style='padding:5% 5%; margin:0px 0%; background-color:rgb(48, 189, 242); '><div class=\"hp_fact\">\r\n<div class=\"icon\"><i class=\"fa fa-telegram\" aria-hidden=\"true\"><\/i><\/div>\r\n<div class=\"fact_text\">\r\n\r\nWir stellen Ihnen Produktmuster zur Verf\u00fcgung, damit Sie die Originalit\u00e4t von Produkten testen und sich pers\u00f6nlich von der Qualit\u00e4t \u00fcberzeugen k\u00f6nnen.\r\n<\/div><\/div><\/div>\n<div id='sample_slider_slide05' class='sa_hover_container' style='padding:5% 5%; margin:0px 0%; background-color:rgb(238, 24, 151); '><div class=\"hp_fact\">\r\n<div class=\"icon\"><i class=\"fa fa-truck\" aria-hidden=\"true\"><\/i><\/div>\r\n<div class=\"fact_text\">\r\n\r\nDie Lieferungen werden an Ihre Anforderungen angepasst und anhand von Ihren Kriterien optimiert. \r\n<\/div><\/div><\/div>\n<div id='sample_slider_slide06' class='sa_hover_container' style='padding:5% 5%; margin:0px 0%; background-color:rgb(255, 247, 94); '><div class=\"hp_fact yel\">\r\n<div class=\"icon\"><i class=\"fa fa-question-circle\" aria-hidden=\"true\"><\/i><\/div>\r\n<div class=\"fact_text\">\r\n\r\nWir antworten Ihnen innerhalb von 24 Stunden. Bei Preisanfragen und wichtigen Fragen melden wir uns umgehend. Sie k\u00f6nnen uns per Telefon, E-Mail, Skype, WhatsApp und Viber erreichen. Falls Sie einen anderen Kommunikationskanal bevorzugen, kontaktieren Sie uns.\r\n<\/div><\/div><\/div>\n<\/div>\n<\/div>\n<script type='text\/javascript'>\n\tjQuery(document).ready(function() {\n\t\tjQuery('#sample_slider').owlCarousel({\n\t\t\tresponsive:{\n\t\t\t\t0:{ items:1 },\n\t\t\t\t480:{ items:2 },\n\t\t\t\t768:{ items:3 },\n\t\t\t\t980:{ items:3 },\n\t\t\t\t1200:{ items:3 },\n\t\t\t\t1500:{ items:3 }\n\t\t\t},\n\t\t\tautoplay : true,\n\t\t\tautoplayTimeout : 4000,\n\t\t\tautoplayHoverPause : true,\n\t\t\tsmartSpeed : 300,\n\t\t\tfluidSpeed : 300,\n\t\t\tautoplaySpeed : 300,\n\t\t\tnavSpeed : 300,\n\t\t\tdotsSpeed : 300,\n\t\t\tloop : true,\n\t\t\tnav : true,\n\t\t\tnavText : ['Previous','Next'],\n\t\t\tdots : true,\n\t\t\tresponsiveRefreshRate : 200,\n\t\t\tslideBy : 1,\n\t\t\tmergeFit : true,\n\t\t\tautoHeight : false,\n\t\t\tmouseDrag : true,\n\t\t\ttouchDrag : true\n\t\t});\n\t\tjQuery('#sample_slider').css('visibility', 'visible');\n\t\tsa_resize_sample_slider();\n\t\twindow.addEventListener('resize', sa_resize_sample_slider);\n\t\tfunction sa_resize_sample_slider() {\n\t\t\tvar min_height = '70';\n\t\t\tvar win_width = jQuery(window).width();\n\t\t\tvar slider_width = jQuery('#sample_slider').width();\n\t\t\tif (win_width < 480) {\n\t\t\t\tvar slide_width = slider_width \/ 1;\n\t\t\t} else if (win_width < 768) {\n\t\t\t\tvar slide_width = slider_width \/ 2;\n\t\t\t} else if (win_width < 980) {\n\t\t\t\tvar slide_width = slider_width \/ 3;\n\t\t\t} else if (win_width < 1200) {\n\t\t\t\tvar slide_width = slider_width \/ 3;\n\t\t\t} else if (win_width < 1500) {\n\t\t\t\tvar slide_width = slider_width \/ 3;\n\t\t\t} else {\n\t\t\t\tvar slide_width = slider_width \/ 3;\n\t\t\t}\n\t\t\tslide_width = Math.round(slide_width);\n\t\t\tvar slide_height = '0';\n\t\t\tif (min_height == 'aspect43') {\n\t\t\t\tslide_height = (slide_width \/ 4) * 3;\t\t\t\tslide_height = Math.round(slide_height);\n\t\t\t} else if (min_height == 'aspect169') {\n\t\t\t\tslide_height = (slide_width \/ 16) * 9;\t\t\t\tslide_height = Math.round(slide_height);\n\t\t\t} else {\n\t\t\t\tslide_height = (slide_width \/ 100) * min_height;\t\t\t\tslide_height = Math.round(slide_height);\n\t\t\t}\n\t\t\tjQuery('#sample_slider .owl-item .sa_hover_container').css('min-height', slide_height+'px');\n\t\t}\n\t\tvar owl_goto = jQuery('#sample_slider');\n\t\tjQuery('.sample_slider_goto1').click(function(event){\n\t\t\towl_goto.trigger('to.owl.carousel', 0);\n\t\t});\n\t\tjQuery('.sample_slider_goto2').click(function(event){\n\t\t\towl_goto.trigger('to.owl.carousel', 1);\n\t\t});\n\t\tjQuery('.sample_slider_goto3').click(function(event){\n\t\t\towl_goto.trigger('to.owl.carousel', 2);\n\t\t});\n\t\tjQuery('.sample_slider_goto4').click(function(event){\n\t\t\towl_goto.trigger('to.owl.carousel', 3);\n\t\t});\n\t\tjQuery('.sample_slider_goto5').click(function(event){\n\t\t\towl_goto.trigger('to.owl.carousel', 4);\n\t\t});\n\t\tjQuery('.sample_slider_goto6').click(function(event){\n\t\t\towl_goto.trigger('to.owl.carousel', 5);\n\t\t});\n\t\tvar resize_39 = jQuery('.owl-carousel');\n\t\tresize_39.on('initialized.owl.carousel', function(e) {\n\t\t\tif (typeof(Event) === 'function') {\n\t\t\t\twindow.dispatchEvent(new Event('resize'));\n\t\t\t} else {\n\t\t\t\tvar evt = window.document.createEvent('UIEvents');\n\t\t\t\tevt.initUIEvent('resize', true, false, window, 0);\n\t\t\t\twindow.dispatchEvent(evt);\n\t\t\t}\n\t\t});\n\t});\n<\/script>\n\n<div id=\"section-home\">\n<div id=\"section-home-inner\">\n<article class=\"section1 one_third\"><a href=\"\/de\/kontaktformular\/\"><\/p>\n<div class=\"services-builder style1\">\n<div class=\"iconimage\"><i class=\"fa fa-asterisk fa-2x fa-inverse\"><\/i><\/div>\n<div class=\"iconmain\">\n<h3>Kurze Frage<\/h3>\n<p>Fragen Sie uns alles, wir werden Sie gern und schnell unterst\u00fctzen.<\/p>\n<p>&nbsp;<\/p>\n<\/div>\n<\/div>\n<p><\/a><\/article>\n<article class=\"section2 one_third\"><a href=\"\/de\/grosshandel-und-haendler\/\"><\/p>\n<div class=\"services-builder style1\">\n<div class=\"iconimage\"><i class=\"fa fa-bell-o fa-2x fa-inverse\"><\/i><\/div>\n<div class=\"iconmain\">\n<h3>Aktuelle Lagerbest\u00e4nde <\/h3>\n<p>Bekommen Sie unsere besten Angebote rechtzeitig: Bestands\u00fcbersicht von TonerPrinter und w\u00f6chentliche Zusendung von Informationen \u00fcber aktuelle Lagerbest\u00e4nde.<\/p>\n<\/div>\n<\/div>\n<p><\/a><\/article>\n<article class=\"section3 one_third last\"><a href=\"\/de\/produkte-pantum\/\"><\/p>\n<div class=\"services-builder style1\">\n<div class=\"iconimage\"><i class=\"fa fa-hand-o-down fa-2x fa-inverse\"><\/i><\/div>\n<div class=\"iconmain\">\n<h3>Pantum<\/h3>\n<p>Schauen Sie sich das Angebot von qualitativen Druckern mit eigenen Patenten an.<\/p>\n<p>&nbsp;<\/p>\n<\/div>\n<\/div>\n<p><\/a><\/article>\n<div class=\"clearboth\"><\/div>\n<\/div>\n<\/div>\n","protected":false},"excerpt":{"rendered":"<p>Kurze Frage Fragen Sie uns alles, wir werden Sie gern und schnell unterst\u00fctzen. &nbsp; Aktuelle Lagerbest\u00e4nde Bekommen Sie unsere besten Angebote rechtzeitig: Bestands\u00fcbersicht von TonerPrinter und w\u00f6chentliche Zusendung von Informationen \u00fcber aktuelle Lagerbest\u00e4nde. Pantum Schauen Sie sich das Angebot von qualitativen Druckern mit eigenen Patenten an. &nbsp;<\/p>\n","protected":false},"author":8,"featured_media":0,"parent":0,"menu_order":0,"comment_status":"closed","ping_status":"closed","template":"","meta":{"footnotes":""},"_links":{"self":[{"href":"https:\/\/b2b.tonerprinter.com\/de\/wp-json\/wp\/v2\/pages\/8"}],"collection":[{"href":"https:\/\/b2b.tonerprinter.com\/de\/wp-json\/wp\/v2\/pages"}],"about":[{"href":"https:\/\/b2b.tonerprinter.com\/de\/wp-json\/wp\/v2\/types\/page"}],"author":[{"embeddable":true,"href":"https:\/\/b2b.tonerprinter.com\/de\/wp-json\/wp\/v2\/users\/8"}],"replies":[{"embeddable":true,"href":"https:\/\/b2b.tonerprinter.com\/de\/wp-json\/wp\/v2\/comments?post=8"}],"version-history":[{"count":1,"href":"https:\/\/b2b.tonerprinter.com\/de\/wp-json\/wp\/v2\/pages\/8\/revisions"}],"predecessor-version":[{"id":40,"href":"https:\/\/b2b.tonerprinter.com\/de\/wp-json\/wp\/v2\/pages\/8\/revisions\/40"}],"wp:attachment":[{"href":"https:\/\/b2b.tonerprinter.com\/de\/wp-json\/wp\/v2\/media?parent=8"}],"curies":[{"name":"wp","href":"https:\/\/api.w.org\/{rel}","templated":true}]}}